{"id":1241,"date":"2015-12-15T21:34:23","date_gmt":"2015-12-15T19:34:23","guid":{"rendered":"http:\/\/vbs-lahoe.at\/?page_id=1241"},"modified":"2024-10-16T11:40:20","modified_gmt":"2024-10-16T09:40:20","slug":"fotohinweis","status":"publish","type":"page","link":"https:\/\/vbs-lahoe.at\/wordpress\/fotohinweis\/","title":{"rendered":"fotohinweis"},"content":{"rendered":"<div id=\"pl-1241\"  class=\"panel-layout\" ><div id=\"pg-1241-0\"  class=\"panel-grid panel-has-style\" ><div class=\"mob-pad-30 panel-row-style panel-row-style-for-1241-0\" style=\"padding: 230px 0; \" data-overlay=\"true\" data-overlay-color=\"#000000\" ><div id=\"pgc-1241-0-0\"  class=\"panel-grid-cell panel-grid-cell-empty\" ><\/div><\/div><\/div><div id=\"pg-1241-1\"  class=\"panel-grid panel-has-style\" ><div class=\"mob-pad-30 panel-row-style panel-row-style-for-1241-1\" style=\"padding: 0px 0; \" data-overlay=\"true\" data-overlay-color=\"#000000\" ><div id=\"pgc-1241-1-0\"  class=\"panel-grid-cell\" ><div id=\"panel-1241-1-0-0\" class=\"so-panel widget widget_sow-headline panel-first-child panel-last-child\" data-index=\"0\" ><div style=\"text-align: left;\" data-title-color=\"#443f3f\" data-headings-color=\"#443f3f\" class=\"panel-widget-style panel-widget-style-for-1241-1-0-0\" ><div\n\t\t\t\n\t\t\tclass=\"so-widget-sow-headline so-widget-sow-headline-default-ea0af4cf39ae-1241\"\n\t\t\t\n\t\t><div class=\"sow-headline-container \">\n\t\t\t\t\t\t\t<h1 class=\"sow-headline\">\n\t\t\t\t\t\tFotohinweis\t\t\t\t\t\t<\/h1>\n\t\t\t\t\t\t\t\t\t\t\t<div class=\"decoration\">\n\t\t\t\t\t\t<div class=\"decoration-inside\"><\/div>\n\t\t\t\t\t<\/div>\n\t\t\t\t\t<\/div>\n<\/div><\/div><\/div><\/div><\/div><\/div><div id=\"pg-1241-2\"  class=\"panel-grid panel-has-style\" ><div style=\"padding: 0px 0; \" data-overlay=\"true\" data-overlay-color=\"#000000\" class=\"panel-row-style panel-row-style-for-1241-2\" ><div id=\"pgc-1241-2-0\"  class=\"panel-grid-cell\" ><div id=\"panel-1241-2-0-0\" class=\"widget_text so-panel widget widget_custom_html panel-first-child panel-last-child\" data-index=\"1\" ><div style=\"text-align: left;\" data-title-color=\"#443f3f\" data-headings-color=\"#443f3f\" class=\"widget_text panel-widget-style panel-widget-style-for-1241-2-0-0\" ><div class=\"textwidget custom-html-widget\"><div align=justify>\n<h1>Datenschutzinformation gem. Art 13 DSGVO<\/h1>\n\n<h2>Verantwortlicher<\/h2>\n\nSPORTUNION Volleyball-Sport La\u00dfnitzh\u00f6he, z.H. David Grossmann, Thadd\u00e4us-Stammel-Stra\u00dfe 24\/3- 8020 Hart bei Graz,\n\t<br>\n\tZVR: 748118026<\/br>\n\n<h2>Zweck<\/h2>\n\nAnfertigung von Fotos von Meisterschafts Heimspielen sowie Ver\u00f6ffentlichung der Fotos auf der Website und in Social Media Kan\u00e4len sowie in Printmedien [n\u00e4mlich: fb.com\/vbslahoe, vbs-lahoe.at, La\u00dfnitzh\u00f6her Rundschau,] \n\n<h2>\nRechtsgrundlage \n<\/h2>\n\nBerechtigtes Interesse iSd Art 6 Abs 1 lit f DSGVO sowie \u00a7\u00a7 12, 13 DSG. Unsere berechtigten Interessen liegen in der \u00d6ffentlichkeitsarbeit und der Darstellung der Aktivit\u00e4ten des Verantwortlichen, um den Bekanntheitsgrad des Verantwortlichen zu erh\u00f6hen und auch um die Durchf\u00fchrung der Veranstaltung durch Bekanntmachung zu erm\u00f6glichen.\n<p>\n\tWir achten darauf, dass bei Anfertigung und Ver\u00f6ffentlichung von Fotos keine Rechte und Freiheiten von Betroffenen verletzt werden. Andernfalls werden wir jede weitere Verarbeitung einstellen und unterlassen. <\/p>\n<h2>\nWiderspruch\n<\/h2>\n\nSie haben das Recht gegen die Verarbeitung im berechtigten Interessen Widerspruch einzulegen. Im Falle der Darlegung spezieller pers\u00f6nlicher Versagungsgr\u00fcnde wird in diesem Fall die Verarbeitung eingestellt, es sei denn es bestehen zwingende berechtigte Gr\u00fcnde f\u00fcr die Verarbeitung auf unserer Seite, die Ihre Interessen, Rechte und Freiheiten \u00fcberwiegen.\n\n<h2>Speicherdauer<\/h2>\n[Die Daten werden am Ende des 2. Kalenderjahres nach Anfertigung gel\u00f6scht.]\n\nEine L\u00f6schung auf der Website oder in Social-Media-Kan\u00e4len erfolgt im Rahmen der technischen M\u00f6glichkeiten. Eine L\u00f6schung in Printmedien, die bereits ausgegeben sind, kann nicht erfolgen.\n<h2>\nEmpf\u00e4nger-Kategorien\n<\/h2>\n\t<p>\nWir leiten die Daten an Auftragnehmer (Auftragsverarbeiter) weiter, die bei der Verarbeitung (Anfertigung sowie Ver\u00f6ffentlichung) in unserem Auftrag t\u00e4tig sind.\n\t<\/p><p>\nDie Daten werden zudem im Internet der \u00d6ffentlichkeit zur Verf\u00fcgung gestellt, und in Social-Media-Kan\u00e4len ver\u00f6ffentlicht. Im Rahmen der Ver\u00f6ffentlichung in Social-Media-Kan\u00e4len ist es m\u00f6glich, dass der jeweilige Dienst Verwertungsrechte an den ver\u00f6ffentlichten Daten erh\u00e4lt. Die Daten werden in Printmedien [La\u00dfnitzh\u00f6her Rundschau] ver\u00f6ffentlicht, und diese werden an [Vereinsmitglieder, Kunden, die \u00d6ffentlichkeit,..] in einer begrenzten Auflage verteilt.\n\t<\/p><p>\nEine \u00dcbermittlung an Empf\u00e4nger in Drittl\u00e4ndern (au\u00dferhalb der EU) oder an internationale Organisationen ist nicht vorgesehen. Es besteht keine automatisierte Entscheidungsfindung (Profiling).\n\t<\/p>\n<h2>\nSonstiges\n<\/h2>\nEs ist weder vertraglich noch gesetzlich vorgeschrieben, dass die Daten bereitgestellt werden. Die Verarbeitung erfolgt im berechtigten Interesse des Verantwortlichen. Eine Nichtbereitstellung der Daten h\u00e4tte zur Folge, dass die Teilnahme an der Veranstaltung sowie Beiwohnen der Veranstaltung als Zuseher nicht m\u00f6glich ist.\n\n<h2>\nBetroffenenrechte\n<\/h2>\nAls Betroffener steht Ihnen das Recht auf Auskunft, Berichtigung, L\u00f6schung, Einschr\u00e4nkung, Widerspruch und Daten\u00fcbertragbarkeit im Rahmen der gesetzlichen Bestimmungen zu. Zur Aus\u00fcbung Ihrer Rechte wenden Sie sich bitte an: \n<p>\n\t<br>Hossein Mirzaei (Obmann)\n<br>Mail: obman(at)vbs-lahoe.at\n<br>Telefon: +43 69917373718\n\t<\/p>\n<p>\nWenn Sie glauben, dass die Verarbeitung Ihrer Daten gegen das Datenschutzrecht verst\u00f6\u00dft oder Ihre datenschutzrechtlichen Anspr\u00fcche sonst in irgendeiner Weise verletzt worden sind, steht es Ihnen frei, bei der Datenschutzbeh\u00f6rde, Wickenburggasse 8, 1080 Wien Beschwerde zu erheben.\n\t<\/p>\n<\/div><\/div><\/div><\/div><\/div><\/div><\/div><\/div>","protected":false},"excerpt":{"rendered":"<p>Fotohinweis Datenschutzinformation gem. Art 13 DSGVO Verantwortlicher SPORTUNION Volleyball-Sport La\u00dfnitzh\u00f6he, z.H. David Grossmann, Thadd\u00e4us-Stammel-Stra\u00dfe 24\/3- 8020 Hart bei Graz, ZVR: 748118026 Zweck Anfertigung von Fotos von Meisterschafts Heimspielen sowie Ver\u00f6ffentlichung der Fotos auf der Website und in Social Media Kan\u00e4len sowie in Printmedien [n\u00e4mlich: fb.com\/vbslahoe, vbs-lahoe.at, La\u00dfnitzh\u00f6her Rundschau,] Rechtsgrundlage Berechtigtes Interesse iSd Art 6 Abs 1 lit f DSGVO sowie [&hellip;]<\/p>\n","protected":false},"author":1,"featured_media":0,"parent":0,"menu_order":0,"comment_status":"closed","ping_status":"closed","template":"page-templates\/page_front-page.php","meta":{"_price":"","_stock":"","_tribe_ticket_header":"","_tribe_default_ticket_provider":"","_tribe_ticket_capacity":"0","_ticket_start_date":"","_ticket_end_date":"","_tribe_ticket_show_description":"","_tribe_ticket_show_not_going":false,"_tribe_ticket_use_global_stock":"","_tribe_ticket_global_stock_level":"","_global_stock_mode":"","_global_stock_cap":"","_tribe_rsvp_for_event":"","_tribe_ticket_going_count":"","_tribe_ticket_not_going_count":"","_tribe_tickets_list":"[]","_tribe_ticket_has_attendee_info_fields":false,"footnotes":"","_tec_slr_enabled":"","_tec_slr_layout":""},"class_list":["post-1241","page","type-page","status-publish","hentry"],"ticketed":false,"_links":{"self":[{"href":"https:\/\/vbs-lahoe.at\/wordpress\/wp-json\/wp\/v2\/pages\/1241"}],"collection":[{"href":"https:\/\/vbs-lahoe.at\/wordpress\/wp-json\/wp\/v2\/pages"}],"about":[{"href":"https:\/\/vbs-lahoe.at\/wordpress\/wp-json\/wp\/v2\/types\/page"}],"author":[{"embeddable":true,"href":"https:\/\/vbs-lahoe.at\/wordpress\/wp-json\/wp\/v2\/users\/1"}],"replies":[{"embeddable":true,"href":"https:\/\/vbs-lahoe.at\/wordpress\/wp-json\/wp\/v2\/comments?post=1241"}],"version-history":[{"count":10,"href":"https:\/\/vbs-lahoe.at\/wordpress\/wp-json\/wp\/v2\/pages\/1241\/revisions"}],"predecessor-version":[{"id":5626,"href":"https:\/\/vbs-lahoe.at\/wordpress\/wp-json\/wp\/v2\/pages\/1241\/revisions\/5626"}],"wp:attachment":[{"href":"https:\/\/vbs-lahoe.at\/wordpress\/wp-json\/wp\/v2\/media?parent=1241"}],"curies":[{"name":"wp","href":"https:\/\/api.w.org\/{rel}","templated":true}]}}