{"id":10,"date":"2015-12-15T21:34:23","date_gmt":"2015-12-15T21:34:23","guid":{"rendered":"http:\/\/vbs-lahoe.at\/?page_id=10"},"modified":"2024-10-16T11:38:33","modified_gmt":"2024-10-16T09:38:33","slug":"impressum","status":"publish","type":"page","link":"https:\/\/vbs-lahoe.at\/wordpress\/impressum\/","title":{"rendered":"Impressum"},"content":{"rendered":"<div id=\"pl-10\"  class=\"panel-layout\" ><div id=\"pg-10-0\"  class=\"panel-grid panel-has-style\" ><div class=\"mob-pad-30 panel-row-style panel-row-style-for-10-0\" style=\"padding: 230px 0; \" data-overlay=\"true\" data-overlay-color=\"#000000\" ><div id=\"pgc-10-0-0\"  class=\"panel-grid-cell panel-grid-cell-empty\" ><\/div><\/div><\/div><div id=\"pg-10-1\"  class=\"panel-grid panel-has-style\" ><div class=\"mob-pad-30 panel-row-style panel-row-style-for-10-1\" style=\"padding: 0px 0; \" data-overlay=\"true\" data-overlay-color=\"#000000\" ><div id=\"pgc-10-1-0\"  class=\"panel-grid-cell\" ><div id=\"panel-10-1-0-0\" class=\"so-panel widget widget_sow-headline panel-first-child\" data-index=\"0\" ><div style=\"text-align: left;\" data-title-color=\"#443f3f\" data-headings-color=\"#443f3f\" class=\"panel-widget-style panel-widget-style-for-10-1-0-0\" ><div\n\t\t\t\n\t\t\tclass=\"so-widget-sow-headline so-widget-sow-headline-default-08ca780a4db4-10\"\n\t\t\t\n\t\t><div class=\"sow-headline-container \">\n\t\t\t\t\t\t\t<h1 class=\"sow-headline\">\n\t\t\t\t\t\tImpressum\t\t\t\t\t\t<\/h1>\n\t\t\t\t\t\t\t\t\t\t\t<div class=\"decoration\">\n\t\t\t\t\t\t<div class=\"decoration-inside\"><\/div>\n\t\t\t\t\t<\/div>\n\t\t\t\t\t<\/div>\n<\/div><\/div><\/div><div id=\"panel-10-1-0-1\" class=\"widget_text so-panel widget widget_custom_html panel-last-child\" data-index=\"1\" ><div style=\"text-align: left;\" data-title-color=\"#443f3f\" data-headings-color=\"#443f3f\" class=\"widget_text panel-widget-style panel-widget-style-for-10-1-0-1\" ><div class=\"textwidget custom-html-widget\"><div align=justify>\n<p>\n\t\n<\/p>\n\n<p>Informationspflicht laut \u00a75 E-Commerce Gesetz, \u00a714 Unternehmensgesetzbuch, \u00a763 Gewerbeordnung und Offenlegungspflicht laut \u00a725 Mediengesetz<\/p>\n<p>\n<br><b>SPORTUNION Volleyball-Sport La\u00dfnitzh\u00f6he<\/b>\n<br><b>ZVR:<\/b> 748118026\n<br><b>Vereinssitz:<\/b> 8301 La\u00dfnitzh\u00f6he\n<br><b>Zustellanschrift:<\/b> Th\u00e4dd\u00e4us-Stammel-Stra\u00dfe 24\/3 - 8020 Graz\n\t\n<p>\n<br><b>Bankverbindung:<\/b>\n<br>Raiffeisenbank Nestelbach-Eggersdorf\n<br>IBAN: AT78 3825 2000 0105 0327\n<p>\n\n<br><b>Organschaftliche Vertreter<\/b>\n<br>Obmann: David Grossmann\n<br>Obmann Stv.: Clemens Konrad\n<br>Schriftf\u00fchrer: David Weihrauch\n<br>Kassier: Alexander Kr\u00fcger \n<\/p>\n\t\n<h2>Kontakt<\/h2>\n<p><i class=\"fa fa-address-card\" aria-hidden=\"true\"><\/i>\nSPORTUNION Volleyball-Sport (VBS) La\u00dfnitzh\u00f6he \nThadd\u00e4us-Stammel-Stra\u00dfe 24\/3 - 8020 Graz<\/p>\n<p><i class=\"fa fa-mobile\" aria-hidden=\"true\"><\/i> 0664 8570214 <\/p>\n<p><i class=\"fa fa-envelope\" aria-hidden=\"true\"><\/i> &#105;&#x6e;f&#111;&#x40;v&#x62;&#x73;&#45;&#x6c;a&#104;&#x6f;e&#46;&#x61;&#116;<\/p>\n\n<\/div><\/div><\/div><\/div><\/div><\/div><\/div><div id=\"pg-10-2\"  class=\"panel-grid panel-has-style\" ><div style=\"padding: 30px 0; \" data-overlay=\"true\" data-overlay-color=\"#000000\" class=\"panel-row-style panel-row-style-for-10-2\" ><div id=\"pgc-10-2-0\"  class=\"panel-grid-cell\" ><div id=\"panel-10-2-0-0\" class=\"widget_text so-panel widget widget_custom_html panel-first-child\" data-index=\"2\" ><div style=\"text-align: left;\" data-title-color=\"#443f3f\" data-headings-color=\"#443f3f\" class=\"widget_text panel-widget-style panel-widget-style-for-10-2-0-0\" ><div class=\"textwidget custom-html-widget\"><div align=justify>\n<p>\n<br><b>Downloads<\/b>\n\n<\/p><\/div><\/div><\/div><div id=\"panel-10-2-0-1\" class=\"so-panel widget widget_sow-button\" data-index=\"3\" ><div style=\"text-align: left;\" data-title-color=\"#443f3f\" data-headings-color=\"#443f3f\" class=\"panel-widget-style panel-widget-style-for-10-2-0-1\" ><div\n\t\t\t\n\t\t\tclass=\"so-widget-sow-button so-widget-sow-button-atom-920c1294a807-10\"\n\t\t\t\n\t\t><div class=\"ow-button-base ow-button-align-justify\"\n style=\"display: block;\">\n\t\t\t<a\n\t\t\t\t\thref=\"https:\/\/vbs-lahoe.at\/wordpress\/wp-content\/uploads\/2020\/12\/Statuten_VBS_Lasnitzhoehe_v1_2017.pdf\"\n\t\t\t\t\tclass=\"sowb-button ow-icon-placement-left ow-button-hover\" target=\"_blank\" rel=\"noopener noreferrer\" \t>\n\t\t<span>\n\t\t\t\n\t\t\tVereins Statuten\t\t<\/span>\n\t\t\t<\/a>\n\t<\/div>\n<\/div><\/div><\/div><div id=\"panel-10-2-0-2\" class=\"so-panel widget widget_sow-button panel-last-child\" data-index=\"4\" ><div style=\"text-align: left;\" data-title-color=\"#443f3f\" data-headings-color=\"#443f3f\" class=\"panel-widget-style panel-widget-style-for-10-2-0-2\" ><div\n\t\t\t\n\t\t\tclass=\"so-widget-sow-button so-widget-sow-button-atom-920c1294a807-10\"\n\t\t\t\n\t\t><div class=\"ow-button-base ow-button-align-justify\"\n style=\"display: block;\">\n\t\t\t<a\n\t\t\t\t\thref=\"https:\/\/easyverein.com\/public\/vbslahoe\/applicationform\/3934\"\n\t\t\t\t\tclass=\"sowb-button ow-icon-placement-left ow-button-hover\" target=\"_blank\" rel=\"noopener noreferrer\" \t>\n\t\t<span>\n\t\t\t\n\t\t\tVerein Beitrittsformular\t\t<\/span>\n\t\t\t<\/a>\n\t<\/div>\n<\/div><\/div><\/div><\/div><\/div><\/div><div id=\"pg-10-3\"  class=\"panel-grid panel-has-style\" ><div style=\"padding: 0px 0; \" data-overlay=\"true\" data-overlay-color=\"#000000\" class=\"panel-row-style panel-row-style-for-10-3\" ><div id=\"pgc-10-3-0\"  class=\"panel-grid-cell\" ><div id=\"panel-10-3-0-0\" class=\"widget_text so-panel widget widget_custom_html panel-first-child panel-last-child\" data-index=\"5\" ><div style=\"text-align: left;\" data-title-color=\"#443f3f\" data-headings-color=\"#443f3f\" class=\"widget_text panel-widget-style panel-widget-style-for-10-3-0-0\" ><div class=\"textwidget custom-html-widget\"><div align=justify>\n\n<p>\n\t<a href=https:\/\/vbs-lahoe.at\/wordpress\/datenschutz\/>Datenschutz<\/a> \n<\/p>\n\n<\/div><\/div><\/div><\/div><\/div><\/div><\/div><\/div>","protected":false},"excerpt":{"rendered":"<p>Impressum Informationspflicht laut \u00a75 E-Commerce Gesetz, \u00a714 Unternehmensgesetzbuch, \u00a763 Gewerbeordnung und Offenlegungspflicht laut \u00a725 Mediengesetz SPORTUNION Volleyball-Sport La\u00dfnitzh\u00f6he ZVR: 748118026 Vereinssitz: 8301 La\u00dfnitzh\u00f6he Zustellanschrift: Th\u00e4dd\u00e4us-Stammel-Stra\u00dfe 24\/3 &#8211; 8020 Graz Bankverbindung: Raiffeisenbank Nestelbach-Eggersdorf IBAN: AT78 3825 2000 0105 0327 Organschaftliche Vertreter Obmann: David Grossmann Obmann Stv.: Clemens Konrad Schriftf\u00fchrer: David Weihrauch Kassier: Alexander Kr\u00fcger Kontakt SPORTUNION Volleyball-Sport (VBS) La\u00dfnitzh\u00f6he Thadd\u00e4us-Stammel-Stra\u00dfe 24\/3 [&hellip;]<\/p>\n","protected":false},"author":1,"featured_media":0,"parent":0,"menu_order":0,"comment_status":"closed","ping_status":"closed","template":"page-templates\/page_front-page.php","meta":{"_price":"","_stock":"","_tribe_ticket_header":"","_tribe_default_ticket_provider":"","_tribe_ticket_capacity":"0","_ticket_start_date":"","_ticket_end_date":"","_tribe_ticket_show_description":"","_tribe_ticket_show_not_going":false,"_tribe_ticket_use_global_stock":"","_tribe_ticket_global_stock_level":"","_global_stock_mode":"","_global_stock_cap":"","_tribe_rsvp_for_event":"","_tribe_ticket_going_count":"","_tribe_ticket_not_going_count":"","_tribe_tickets_list":"[]","_tribe_ticket_has_attendee_info_fields":false,"footnotes":"","_tec_slr_enabled":"","_tec_slr_layout":""},"class_list":["post-10","page","type-page","status-publish","hentry"],"ticketed":false,"_links":{"self":[{"href":"https:\/\/vbs-lahoe.at\/wordpress\/wp-json\/wp\/v2\/pages\/10"}],"collection":[{"href":"https:\/\/vbs-lahoe.at\/wordpress\/wp-json\/wp\/v2\/pages"}],"about":[{"href":"https:\/\/vbs-lahoe.at\/wordpress\/wp-json\/wp\/v2\/types\/page"}],"author":[{"embeddable":true,"href":"https:\/\/vbs-lahoe.at\/wordpress\/wp-json\/wp\/v2\/users\/1"}],"replies":[{"embeddable":true,"href":"https:\/\/vbs-lahoe.at\/wordpress\/wp-json\/wp\/v2\/comments?post=10"}],"version-history":[{"count":85,"href":"https:\/\/vbs-lahoe.at\/wordpress\/wp-json\/wp\/v2\/pages\/10\/revisions"}],"predecessor-version":[{"id":5624,"href":"https:\/\/vbs-lahoe.at\/wordpress\/wp-json\/wp\/v2\/pages\/10\/revisions\/5624"}],"wp:attachment":[{"href":"https:\/\/vbs-lahoe.at\/wordpress\/wp-json\/wp\/v2\/media?parent=10"}],"curies":[{"name":"wp","href":"https:\/\/api.w.org\/{rel}","templated":true}]}}